{"id":11235,"date":"2021-09-05T11:14:24","date_gmt":"2021-09-05T11:14:24","guid":{"rendered":"http:\/\/www.hotel-kimen.com\/?page_id=11235"},"modified":"2021-10-02T22:00:26","modified_gmt":"2021-10-02T22:00:26","slug":"izjava-o-varnosti","status":"publish","type":"page","link":"https:\/\/www.hotel-kimen.com\/sl\/izjava-o-varnosti\/","title":{"rendered":"Izjava o varnosti"},"content":{"rendered":"<p>[et_pb_section fb_built=&#8221;1&#8243; admin_label=&#8221;Hero image&#8221; _builder_version=&#8221;4.9.4&#8243; _module_preset=&#8221;default&#8221; background_image=&#8221;https:\/\/www.hotel-kimen.com\/wp-content\/uploads\/2021\/05\/Plaza-ispred-hotela-Hotel-Kimen-Cres.jpg&#8221; background_position=&#8221;top_center&#8221; min_height=&#8221;400px&#8221; top_divider_color=&#8221;#e02b20&#8243; bottom_divider_style=&#8221;waves2&#8243; bottom_divider_color=&#8221;#f6f6f3&#8243; collapsed=&#8221;on&#8221;][\/et_pb_section][et_pb_section fb_built=&#8221;1&#8243; admin_label=&#8221;GDPR&#8221; _builder_version=&#8221;4.9.4&#8243; _module_preset=&#8221;default&#8221; background_color=&#8221;rgba(0,0,0,0)&#8221; custom_margin=&#8221;-200px||50px||false|false&#8221; custom_padding=&#8221;0px||0px||false|false&#8221; collapsed=&#8221;off&#8221;][et_pb_row admin_label=&#8221;Naslov &#8221; _builder_version=&#8221;4.9.10&#8243; _module_preset=&#8221;default&#8221; custom_padding=&#8221;0px|50px||50px|false|true&#8221; collapsed=&#8221;off&#8221;][et_pb_column type=&#8221;4_4&#8243; _builder_version=&#8221;4.7.7&#8243; _module_preset=&#8221;default&#8221;][et_pb_text _builder_version=&#8221;4.9.4&#8243; _module_preset=&#8221;default&#8221; text_line_height=&#8221;1.5em&#8221; header_font=&#8221;|300|||||||&#8221; header_text_align=&#8221;left&#8221; header_text_color=&#8221;#f6f6f3&#8243; header_font_size=&#8221;3.5em&#8221; header_6_font=&#8221;|||on|||||&#8221; header_6_line_height=&#8221;2em&#8221; background_layout=&#8221;dark&#8221; custom_margin=&#8221;||||false|false&#8221; locked=&#8221;off&#8221;]<\/p>\n<h1>Izjava o varnosti<\/h1>\n<p>[\/et_pb_text][\/et_pb_column][\/et_pb_row][et_pb_row column_structure=&#8221;3_4,1_4&#8243; use_custom_gutter=&#8221;on&#8221; admin_label=&#8221;Opis&#8221; _builder_version=&#8221;4.9.4&#8243; _module_preset=&#8221;default&#8221; background_color=&#8221;#f6f6f3&#8243; z_index=&#8221;99&#8243; custom_margin=&#8221;||||false|false&#8221; custom_padding=&#8221;50px|50px|50px|50px|true|true&#8221; box_shadow_style=&#8221;preset1&#8243; box_shadow_vertical=&#8221;-25px&#8221; box_shadow_spread=&#8221;-10px&#8221; locked=&#8221;off&#8221; collapsed=&#8221;off&#8221;][et_pb_column type=&#8221;3_4&#8243; _builder_version=&#8221;4.9.4&#8243; _module_preset=&#8221;default&#8221;][et_pb_text _builder_version=&#8221;4.9.4&#8243; _module_preset=&#8221;default&#8221; text_letter_spacing=&#8221;0.03em&#8221; text_line_height=&#8221;2em&#8221; header_4_line_height=&#8221;2em&#8221;]<\/p>\n<h4>Varnost pla\u010dila s kreditno kartico<\/h4>\n<p>ajnost va\u0161ih podatkov je za\u0161\u010ditena in zavarovana z uporabo \u0161ifriranja SSL. Strani za pla\u010devanje prek spleta so zavarovane z uporabo protokola Secure Socket Layer (SSL) s 128-bitnim \u0161ifriranjem podatkov. \u0160ifriranje SSL je postopek \u0161ifriranja podatkov zaradi prepre\u010devanja nepoobla\u0161\u010denega dostopa pri njihovem prenosu.<\/p>\n<p>S tem je omogo\u010den varen prenos informacij in onemogo\u010den nedovoljen dostop do podatkov med komunikacijo med uporabnikovim ra\u010dunalnikom in storitvijo T-com ter obratno. Storitev PayWay in finan\u010dne ustanove (karti\u010dne hi\u0161e) si izmenjujejo podatke z uporabo virtualnega zasebnega omre\u017eja (VPN), ki je za\u0161\u010diteno pred nepoobla\u0161\u010denim dostopom.<\/p>\n<p>\u0160tevilke kreditnih kartic se ne shranijo in niso dostopne nepoobla\u0161\u010denim osebam.[\/et_pb_text][et_pb_text _builder_version=&#8221;4.9.4&#8243; _module_preset=&#8221;default&#8221; text_letter_spacing=&#8221;0.03em&#8221; text_line_height=&#8221;2em&#8221; header_4_line_height=&#8221;2em&#8221;]<\/p>\n<h4>Izjava o varstvu in zbiranju osebnih podatkov<\/h4>\n<p>Varstvo osebnih podatkov kupcev bomo zagotavljali tako, da bomo zbirali samo nujne, osnovne podatke o kupcih\/uporabnikih, ki so nujni za izpolnitev na\u0161ih obveznosti, informirali kupce o na\u010dinu uporabe zbranih podatkov, kupcem redno dajali mo\u017enost izbire glede uporabe njihovih podatkov, vklju\u010dno z mo\u017enostjo odlo\u010ditve, ali \u017eelijo odstraniti svoje ime s seznamov, uporabljenih za marketin\u0161ke kampanje, ali ne.<\/p>\n<p>Vsi podatki o uporabnikih se strogo varujejo in so dostopni samo zaposlenim, ki te podatke potrebujejo za opravljanje svojega dela.<\/p>\n<p>Vsi na\u0161i zaposleni in poslovni partnerji so dol\u017eni spo\u0161tovati na\u010dela varstva zasebnosti.[\/et_pb_text][\/et_pb_column][et_pb_column type=&#8221;1_4&#8243; _builder_version=&#8221;4.9.4&#8243; _module_preset=&#8221;default&#8221;][et_pb_text _builder_version=&#8221;4.9.4&#8243; _module_preset=&#8221;default&#8221; header_6_font=&#8221;|||on|||||&#8221;]<\/p>\n<h6>VARNOSTNE KARTICE:<\/h6>\n<p>[\/et_pb_text][et_pb_image src=&#8221;https:\/\/www.hotel-kimen.com\/wp-content\/uploads\/2021\/05\/Kartice_sigurnosti_Visa_Hotel_Kimen_Cres.svg&#8221; title_text=&#8221;Kartice_sigurnosti_Visa_Hotel_Kimen_Cres&#8221; _builder_version=&#8221;4.9.10&#8243; _module_preset=&#8221;default&#8221; width=&#8221;142px&#8221; custom_margin=&#8221;|10px|||false|false&#8221; hover_enabled=&#8221;0&#8243; sticky_enabled=&#8221;0&#8243;][\/et_pb_image][et_pb_image src=&#8221;https:\/\/www.hotel-kimen.com\/wp-content\/uploads\/2021\/05\/mastercard_kreditna_kartica_Hotel_Kimen_Cres.svg&#8221; title_text=&#8221;mastercard_kreditna_kartica_Hotel_Kimen_Cres&#8221; _builder_version=&#8221;4.9.10&#8243; _module_preset=&#8221;default&#8221; width=&#8221;142px&#8221; custom_margin=&#8221;|10px|||false|false&#8221; hover_enabled=&#8221;0&#8243; sticky_enabled=&#8221;0&#8243;][\/et_pb_image][et_pb_image src=&#8221;https:\/\/www.hotel-kimen.com\/wp-content\/uploads\/2021\/05\/american_express_kreditna_kartica_Hotel_Kimen_Cres.svg&#8221; title_text=&#8221;american_express_kreditna_kartica_Hotel_Kimen_Cres&#8221; _builder_version=&#8221;4.9.10&#8243; _module_preset=&#8221;default&#8221; width=&#8221;142px&#8221; hover_enabled=&#8221;0&#8243; sticky_enabled=&#8221;0&#8243;][\/et_pb_image][et_pb_image src=&#8221;https:\/\/www.hotel-kimen.com\/wp-content\/uploads\/2021\/10\/kartice-sigurnosti-hotel-kimen-cres.png&#8221; _builder_version=&#8221;4.9.10&#8243; _module_preset=&#8221;default&#8221; alt=&#8221;Kartice Sigurnosti &#8211; Hotel Kimen, Cres&#8221; title_text=&#8221;kartice-sigurnosti-hotel-kimen-cres&#8221; hover_enabled=&#8221;0&#8243; sticky_enabled=&#8221;0&#8243;][\/et_pb_image][\/et_pb_column][\/et_pb_row][\/et_pb_section]<\/p>\n","protected":false},"excerpt":{"rendered":"<p>Izjava o varnostiVarnost pla\u010dila s kreditno kartico ajnost va\u0161ih podatkov je za\u0161\u010ditena in zavarovana z uporabo \u0161ifriranja SSL. Strani za pla\u010devanje prek spleta so zavarovane z uporabo protokola Secure Socket Layer (SSL) s 128-bitnim \u0161ifriranjem podatkov. \u0160ifriranje SSL je postopek \u0161ifriranja podatkov zaradi prepre\u010devanja nepoobla\u0161\u010denega dostopa pri njihovem prenosu. S tem je omogo\u010den varen prenos [&hellip;]<\/p>\n","protected":false},"author":1,"featured_media":0,"parent":0,"menu_order":0,"comment_status":"closed","ping_status":"closed","template":"","meta":{"_et_pb_use_builder":"on","_et_pb_old_content":"","_et_gb_content_width":"","footnotes":""},"class_list":["post-11235","page","type-page","status-publish","hentry"],"_links":{"self":[{"href":"https:\/\/www.hotel-kimen.com\/sl\/wp-json\/wp\/v2\/pages\/11235","targetHints":{"allow":["GET"]}}],"collection":[{"href":"https:\/\/www.hotel-kimen.com\/sl\/wp-json\/wp\/v2\/pages"}],"about":[{"href":"https:\/\/www.hotel-kimen.com\/sl\/wp-json\/wp\/v2\/types\/page"}],"author":[{"embeddable":true,"href":"https:\/\/www.hotel-kimen.com\/sl\/wp-json\/wp\/v2\/users\/1"}],"replies":[{"embeddable":true,"href":"https:\/\/www.hotel-kimen.com\/sl\/wp-json\/wp\/v2\/comments?post=11235"}],"version-history":[{"count":0,"href":"https:\/\/www.hotel-kimen.com\/sl\/wp-json\/wp\/v2\/pages\/11235\/revisions"}],"wp:attachment":[{"href":"https:\/\/www.hotel-kimen.com\/sl\/wp-json\/wp\/v2\/media?parent=11235"}],"curies":[{"name":"wp","href":"https:\/\/api.w.org\/{rel}","templated":true}]}}