{"id":11258,"date":"2021-09-05T11:57:12","date_gmt":"2021-09-05T11:57:12","guid":{"rendered":"http:\/\/www.hotel-kimen.com\/?page_id=11258"},"modified":"2025-07-03T17:06:04","modified_gmt":"2025-07-03T17:06:04","slug":"hausordnung","status":"publish","type":"page","link":"https:\/\/www.hotel-kimen.com\/de\/hausordnung\/","title":{"rendered":"Hausordnung"},"content":{"rendered":"<p>[et_pb_section fb_built=&#8220;1&#8243; admin_label=&#8220;Hero image&#8220; _builder_version=&#8220;4.16&#8243; _module_preset=&#8220;default&#8220; background_image=&#8220;https:\/\/www.hotel-kimen.com\/wp-content\/uploads\/2021\/05\/Plaza-ispred-hotela-Hotel-Kimen-Cres.jpg&#8220; background_position=&#8220;top_center&#8220; min_height=&#8220;400px&#8220; min_height_tablet=&#8220;&#8220; min_height_phone=&#8220;60vh&#8220; min_height_last_edited=&#8220;on|phone&#8220; top_divider_color=&#8220;#e02b20&#8243; bottom_divider_style=&#8220;waves2&#8243; bottom_divider_color=&#8220;#f6f6f3&#8243; bottom_divider_style_tablet=&#8220;&#8220; bottom_divider_style_phone=&#8220;wave2&#8243; bottom_divider_style_last_edited=&#8220;on|phone&#8220; bottom_divider_height_tablet=&#8220;&#8220; bottom_divider_height_phone=&#8220;50px&#8220; bottom_divider_height_last_edited=&#8220;on|phone&#8220; locked=&#8220;off&#8220; collapsed=&#8220;on&#8220; global_colors_info=&#8220;{}&#8220; bottom_divider_height__hover_enabled=&#8220;off|desktop&#8220;][\/et_pb_section][et_pb_section fb_built=&#8220;1&#8243; admin_label=&#8220;GDPR&#8220; _builder_version=&#8220;4.16&#8243; _module_preset=&#8220;default&#8220; background_color=&#8220;rgba(0,0,0,0)&#8220; custom_margin=&#8220;-200px||50px||false|false&#8220; custom_margin_tablet=&#8220;&#8220; custom_margin_phone=&#8220;0px||50px||false|false&#8220; custom_margin_last_edited=&#8220;on|phone&#8220; custom_padding=&#8220;0px||0px||false|false&#8220; locked=&#8220;off&#8220; collapsed=&#8220;off&#8220; global_colors_info=&#8220;{}&#8220;][et_pb_row custom_padding_last_edited=&#8220;on|phone&#8220; admin_label=&#8220;Naslov &#8220; _builder_version=&#8220;4.16&#8243; _module_preset=&#8220;default&#8220; width_tablet=&#8220;&#8220; width_phone=&#8220;90%&#8220; width_last_edited=&#8220;on|phone&#8220; custom_margin_tablet=&#8220;&#8220; custom_margin_phone=&#8220;-200px||||false|false&#8220; custom_margin_last_edited=&#8220;on|phone&#8220; custom_padding=&#8220;0px|50px||50px|false|true&#8220; custom_padding_tablet=&#8220;&#8220; custom_padding_phone=&#8220;5vw|5vw|5vw|5vw|true|true&#8220; collapsed=&#8220;off&#8220; global_colors_info=&#8220;{}&#8220;][et_pb_column type=&#8220;4_4&#8243; _builder_version=&#8220;4.16&#8243; _module_preset=&#8220;default&#8220; global_colors_info=&#8220;{}&#8220;][et_pb_text _builder_version=&#8220;4.16&#8243; _module_preset=&#8220;default&#8220; text_line_height=&#8220;1.5em&#8220; header_font=&#8220;|300|||||||&#8220; header_text_align=&#8220;left&#8220; header_text_color=&#8220;#f6f6f3&#8243; header_font_size=&#8220;3.5em&#8220; header_6_font=&#8220;|||on|||||&#8220; header_6_line_height=&#8220;2em&#8220; background_layout=&#8220;dark&#8220; custom_margin=&#8220;||||false|false&#8220; header_font_size_tablet=&#8220;&#8220; header_font_size_phone=&#8220;3em&#8220; header_font_size_last_edited=&#8220;on|phone&#8220; locked=&#8220;off&#8220; global_colors_info=&#8220;{}&#8220;]<\/p>\n<h1>Hausordnung<\/h1>\n<p>[\/et_pb_text][\/et_pb_column][\/et_pb_row][et_pb_row column_structure=&#8220;2_3,1_3&#8243; use_custom_gutter=&#8220;on&#8220; gutter_width=&#8220;1&#8243; custom_padding_last_edited=&#8220;on|phone&#8220; admin_label=&#8220;Opis&#8220; _builder_version=&#8220;4.16&#8243; _module_preset=&#8220;default&#8220; background_color=&#8220;#f6f6f3&#8243; z_index=&#8220;99&#8243; width_tablet=&#8220;&#8220; width_phone=&#8220;90%&#8220; width_last_edited=&#8220;on|phone&#8220; custom_margin=&#8220;||||false|false&#8220; custom_padding=&#8220;50px|50px|50px|50px|true|true&#8220; custom_padding_tablet=&#8220;&#8220; custom_padding_phone=&#8220;5vw|5vw|5vw|5vw|true|true&#8220; box_shadow_style=&#8220;preset1&#8243; box_shadow_vertical=&#8220;-25px&#8220; box_shadow_spread=&#8220;-10px&#8220; locked=&#8220;off&#8220; collapsed=&#8220;off&#8220; global_colors_info=&#8220;{}&#8220;][et_pb_column type=&#8220;2_3&#8243; _builder_version=&#8220;4.16&#8243; _module_preset=&#8220;default&#8220; global_colors_info=&#8220;{}&#8220;][et_pb_text content_tablet=&#8220;<\/p>\n<p>Liebe G\u00e4ste,<\/p>\n<p>Wir hei\u00dfen Sie herzlich willkommen in unserem Hotel Kimen und m\u00f6chten Ihnen gerne kurz unsere Hausordnung vorstellen.<\/p>\n<ol>\n<li>Sch\u00fctzen Sie w\u00e4hrend Ihres Aufenthaltes im Hotel unsere Umwelt und achten Sie auf einen rationellen Wasser- und Stromverbrauch.<\/li>\n<li>Die Klimaanlage schaltet sich aus, wenn die Eingangs- oder Balkont\u00fcr Ihres Zimmers ge\u00f6ffnet ist.<\/li>\n<li>Die Stromspannung betr\u00e4gt 220 V.<\/li>\n<li>Besuche oder Gesch\u00e4ftstreffen k\u00f6nnen in den Gemeinschaftsbereichen des Hotels, in der Bar, im Restaurant oder in der Lobby stattfinden, jedoch nicht im Zimmer.<\/li>\n<li>Aus Brandschutzgr\u00fcnden sind Kerzen und brennbare Materialien nicht erlaubt. In geschlossenen R\u00e4umen ist das Rauchen verboten.<\/li>\n<li>Bitte gehen Sie mit der notwendigen Sorgfalt mit den zur Verf\u00fcgung gestellten R\u00e4umlichkeiten, Ger\u00e4ten und Einrichtungen um.<\/li>\n<li>Zeigen Sie bitte St\u00f6rungen oder Reklamationen umgehend der Rezeption an.<\/li>\n<li>Bitte beachten Sie, dass Sie f\u00fcr den durch Ihr Verschulden oder das Verschulden der Person, f\u00fcr die Sie verantwortlich sind, verursachten Schaden verantwortlich und zum Ersatz verpflichtet sind.<\/li>\n<li>Mahlzeiten werden zu folgenden Zeiten serviert:\n<ul>\n<li>Fr\u00fchst\u00fccksbuffet 7:00\u201310:00<\/li>\n<li>Abendessen 19:00\u201321:00<\/li>\n<\/ul>\n<\/li>\n<li>Falls Sie ein Lunchpaket bestellen oder Mahlzeiten \u00e4ndern m\u00f6chten, bitten wir Sie, dies am Vortag bis sp\u00e4testens 21:00 Uhr oder am laufenden Tag bis sp\u00e4testens 08:00 der Rezeption mitzuteilen.<\/li>\n<li>F\u00fcr Ihr Bargeld, Wertpapiere und andere Wertsachen steht Ihnen ein Zimmersafe zur Verf\u00fcgung. Die Gebrauchsanweisung befindet sich auf dem Safe. Das Hotel \u00fcbernimmt keine Haftung bei Diebstahl oder Verlust.<\/li>\n<li>Bitte nehmen Sie R\u00fccksicht auf andere G\u00e4ste, die sich entspannen m\u00f6chten und vermeiden Sie L\u00e4rm im Zimmer und auf den Fluren nach 23:00 Uhr.<\/li>\n<li>Aus Sicherheits- und Hygienegr\u00fcnden ist die Zubereitung von warmen Speisen oder Getr\u00e4nken im Zimmer nicht gestattet.<\/li>\n<li>Bitte lesen Sie die Hinweise zum Verhalten im Brandfall in den Fluren und befolgen Sie diese.<\/li>\n<li>Wir bitten Sie, \u00fcber verlorene oder gefundene Gegenst\u00e4nde die Rezeption zu informieren.<\/li>\n<li>Wir bitten Sie, am Abreisetag das Zimmer bis 11:00 Uhr zu verlassen. Bei einem Aufenthalt im Zimmer nach 12:00 Uhr wird ein zus\u00e4tzlicher Tag in Rechnung gestellt.<\/li>\n<li>Bei vorzeitiger Abreise und versp\u00e4teter Ankunft des Gastes, dem die gebuchte Unterkunft durch die Verkaufs- und Marketingabteilung oder das Hotel Kimen best\u00e4tigt wurde, ist der Gast verpflichtet, eine Entsch\u00e4digung in folgender H\u00f6he zu leisten:\n<ul>\n<li>wird die zuvor best\u00e4tigte Buchung durch die versp\u00e4tete Ankunft oder vorzeitige Abreise des Gastes um einen Tag gek\u00fcrzt, sind der tats\u00e4chliche Aufenthalt sowie ein zus\u00e4tzlicher Tag in Rechnung zu stellen,<\/li>\n<li>wird die zuvor best\u00e4tigte Buchung durch die versp\u00e4tete Ankunft oder vorzeitige Abreise des Gastes um zwei Tage gek\u00fcrzt, sind der tats\u00e4chliche Aufenthalt sowie weitere zwei Tage in Rechnung zu stellen,<\/li>\n<li>wird die zuvor best\u00e4tigte Buchung durch die versp\u00e4tete Ankunft oder vorzeitige Abreise des Gastes um drei oder mehr Tage gek\u00fcrzt, sind der tats\u00e4chliche Aufenthalt sowie weitere drei Tage in Rechnung zu stellen.<\/li>\n<\/ul>\n<\/li>\n<li>Die \u00c4nderung einer bereits best\u00e4tigten Buchung f\u00fcr einen Aufenthalt im Hotel Kimen ist innerhalb von 14 Tagen vor Anreisetag nur schriftlich m\u00f6glich. Nach der schriftlichen Best\u00e4tigung der Umbuchung durch das Hotel oder die Verkaufsabteilung wird eine zus\u00e4tzliche Geb\u00fchr (je nach Anzahl der Tage der Umbuchung) erhoben, um den weiteren reibungslosen Gesch\u00e4ftsbetrieb des Hotels zu gew\u00e4hrleisten.<\/li>\n<li>Das Hotel Kimen beh\u00e4lt sich das Recht vor, 24 Stunden nach dem best\u00e4tigten Ankunftstag das Zimmer, die Suite oder das Apartment anderen Interessenten anzubieten, es sei denn, die \u00c4nderung der vorherigen Buchung wurde ausdr\u00fccklich (in Schriftform) angek\u00fcndigt und best\u00e4tigt.<\/li>\n<li>Ein Gast, der seine Versp\u00e4tung nicht angek\u00fcndigt hat, hat keinen Anspruch auf Entsch\u00e4digung oder die zuvor best\u00e4tigte Unterkunft.<\/li>\n<li>Wir bitten Sie, vorsichtig mit der Schl\u00fcsselkarte umzugehen. Bei Besch\u00e4digung oder Verlust w\u00e4hrend Ihres Aufenthalts berechnen wir Ihnen 20 \u20ac als Entsch\u00e4digung.<\/li>\n<li>Vergessen Sie beim Verlassen des Hotels nicht, den Schl\u00fcssel oder die Schl\u00fcsselkarte (Key-Card) an der Rezeption abzugeben.<\/li>\n<li>Wir behalten uns das Recht vor, den Vertrag aufzul\u00f6sen und G\u00e4sten Dienstleistungen zu verweigern, sofern sie die Hausordnung grob missachten oder durch ihr Verhalten Schaden zuf\u00fcgen oder andere Hotelg\u00e4ste st\u00f6ren.<\/li>\n<\/ol>\n<p>Hinweise zum Einreichen einer G\u00e4ste- bzw. Verbraucherbeschwerde finden Sie an der Rezeption.<\/p>\n<p>Wir w\u00fcnschen Ihnen einen angenehmen Aufenthalt in unserem Hotel.\u2028<\/p>\n<p>&#8220; content_phone=&#8220;<\/p>\n<p>Liebe G\u00e4ste,<\/p>\n<p>Wir hei\u00dfen Sie herzlich willkommen in unserem Hotel Kimen und m\u00f6chten Ihnen gerne kurz unsere Hausordnung vorstellen.<\/p>\n<ol>\n<li>Sch\u00fctzen Sie w\u00e4hrend Ihres Aufenthaltes im Hotel unsere Umwelt und achten Sie auf einen rationellen Wasser- und Stromverbrauch.<\/li>\n<li>Die Klimaanlage schaltet sich aus, wenn die Eingangs- oder Balkont\u00fcr Ihres Zimmers ge\u00f6ffnet ist.<\/li>\n<li>Die Stromspannung betr\u00e4gt 220 V.<\/li>\n<li>Besuche oder Gesch\u00e4ftstreffen k\u00f6nnen in den Gemeinschaftsbereichen des Hotels, in der Bar, im Restaurant oder in der Lobby stattfinden, jedoch nicht im Zimmer.<\/li>\n<li>Aus Brandschutzgr\u00fcnden sind Kerzen und brennbare Materialien nicht erlaubt. In geschlossenen R\u00e4umen ist das Rauchen verboten.<\/li>\n<li>Bitte gehen Sie mit der notwendigen Sorgfalt mit den zur Verf\u00fcgung gestellten R\u00e4umlichkeiten, Ger\u00e4ten und Einrichtungen um.<\/li>\n<li>Zeigen Sie bitte St\u00f6rungen oder Reklamationen umgehend der Rezeption an.<\/li>\n<li>Bitte beachten Sie, dass Sie f\u00fcr den durch Ihr Verschulden oder das Verschulden der Person, f\u00fcr die Sie verantwortlich sind, verursachten Schaden verantwortlich und zum Ersatz verpflichtet sind.<\/li>\n<li>Mahlzeiten werden zu folgenden Zeiten serviert:\n<ul>\n<li>Fr\u00fchst\u00fccksbuffet 7:00\u201310:00<\/li>\n<li>Abendessen 19:00\u201321:00<\/li>\n<\/ul>\n<\/li>\n<li>Falls Sie ein Lunchpaket bestellen oder Mahlzeiten \u00e4ndern m\u00f6chten, bitten wir Sie, dies am Vortag bis sp\u00e4testens 21:00 Uhr oder am laufenden Tag bis sp\u00e4testens 08:00 der Rezeption mitzuteilen.<\/li>\n<li>F\u00fcr Ihr Bargeld, Wertpapiere und andere Wertsachen steht Ihnen ein Zimmersafe zur Verf\u00fcgung. Die Gebrauchsanweisung befindet sich auf dem Safe. Das Hotel \u00fcbernimmt keine Haftung bei Diebstahl oder Verlust.<\/li>\n<li>Bitte nehmen Sie R\u00fccksicht auf andere G\u00e4ste, die sich entspannen m\u00f6chten und vermeiden Sie L\u00e4rm im Zimmer und auf den Fluren nach 23:00 Uhr.<\/li>\n<li>Aus Sicherheits- und Hygienegr\u00fcnden ist die Zubereitung von warmen Speisen oder Getr\u00e4nken im Zimmer nicht gestattet.<\/li>\n<li>Bitte lesen Sie die Hinweise zum Verhalten im Brandfall in den Fluren und befolgen Sie diese.<\/li>\n<li>Wir bitten Sie, \u00fcber verlorene oder gefundene Gegenst\u00e4nde die Rezeption zu informieren.<\/li>\n<li>Wir bitten Sie, am Abreisetag das Zimmer bis 11:00 Uhr zu verlassen. Bei einem Aufenthalt im Zimmer nach 12:00 Uhr wird ein zus\u00e4tzlicher Tag in Rechnung gestellt.<\/li>\n<li>Bei vorzeitiger Abreise und versp\u00e4teter Ankunft des Gastes, dem die gebuchte Unterkunft durch die Verkaufs- und Marketingabteilung oder das Hotel Kimen best\u00e4tigt wurde, ist der Gast verpflichtet, eine Entsch\u00e4digung in folgender H\u00f6he zu leisten:\n<ul>\n<li>wird die zuvor best\u00e4tigte Buchung durch die versp\u00e4tete Ankunft oder vorzeitige Abreise des Gastes um einen Tag gek\u00fcrzt, sind der tats\u00e4chliche Aufenthalt sowie ein zus\u00e4tzlicher Tag in Rechnung zu stellen,<\/li>\n<li>wird die zuvor best\u00e4tigte Buchung durch die versp\u00e4tete Ankunft oder vorzeitige Abreise des Gastes um zwei Tage gek\u00fcrzt, sind der tats\u00e4chliche Aufenthalt sowie weitere zwei Tage in Rechnung zu stellen,<\/li>\n<li>wird die zuvor best\u00e4tigte Buchung durch die versp\u00e4tete Ankunft oder vorzeitige Abreise des Gastes um drei oder mehr Tage gek\u00fcrzt, sind der tats\u00e4chliche Aufenthalt sowie weitere drei Tage in Rechnung zu stellen.<\/li>\n<\/ul>\n<\/li>\n<li>Die \u00c4nderung einer bereits best\u00e4tigten Buchung f\u00fcr einen Aufenthalt im Hotel Kimen ist innerhalb von 14 Tagen vor Anreisetag nur schriftlich m\u00f6glich. Nach der schriftlichen Best\u00e4tigung der Umbuchung durch das Hotel oder die Verkaufsabteilung wird eine zus\u00e4tzliche Geb\u00fchr (je nach Anzahl der Tage der Umbuchung) erhoben, um den weiteren reibungslosen Gesch\u00e4ftsbetrieb des Hotels zu gew\u00e4hrleisten.<\/li>\n<li>Das Hotel Kimen beh\u00e4lt sich das Recht vor, 24 Stunden nach dem best\u00e4tigten Ankunftstag das Zimmer, die Suite oder das Apartment anderen Interessenten anzubieten, es sei denn, die \u00c4nderung der vorherigen Buchung wurde ausdr\u00fccklich (in Schriftform) angek\u00fcndigt und best\u00e4tigt.<\/li>\n<li>Ein Gast, der seine Versp\u00e4tung nicht angek\u00fcndigt hat, hat keinen Anspruch auf Entsch\u00e4digung oder die zuvor best\u00e4tigte Unterkunft.<\/li>\n<li>Wir bitten Sie, vorsichtig mit der Schl\u00fcsselkarte umzugehen. Bei Besch\u00e4digung oder Verlust w\u00e4hrend Ihres Aufenthalts berechnen wir Ihnen 20 \u20ac als Entsch\u00e4digung.<\/li>\n<li>Vergessen Sie beim Verlassen des Hotels nicht, den Schl\u00fcssel oder die Schl\u00fcsselkarte (Key-Card) an der Rezeption abzugeben.<\/li>\n<li>Wir behalten uns das Recht vor, den Vertrag aufzul\u00f6sen und G\u00e4sten Dienstleistungen zu verweigern, sofern sie die Hausordnung grob missachten oder durch ihr Verhalten Schaden zuf\u00fcgen oder andere Hotelg\u00e4ste st\u00f6ren.<\/li>\n<\/ol>\n<p>Hinweise zum Einreichen einer G\u00e4ste- bzw. Verbraucherbeschwerde finden Sie an der Rezeption.<\/p>\n<p>Wir w\u00fcnschen Ihnen einen angenehmen Aufenthalt in unserem Hotel.\u2028<\/p>\n<p>&#8220; content_last_edited=&#8220;on|desktop&#8220; _builder_version=&#8220;4.27.4&#8243; _module_preset=&#8220;default&#8220; text_letter_spacing=&#8220;0.03em&#8220; hover_enabled=&#8220;0&#8243; global_colors_info=&#8220;{}&#8220; sticky_enabled=&#8220;0&#8243; ul_line_height=&#8220;1.8em&#8220; ol_line_height=&#8220;1.8em&#8220;]<\/p>\n<p>Liebe G\u00e4ste,<\/p>\n<p><\/p>\n<p>Wir hei\u00dfen Sie herzlich willkommen in unserem Hotel Kimen und m\u00f6chten Ihnen gerne kurz unsere Hausordnung vorstellen.<\/p>\n<p><\/p>\n<ol>\n<li>Sch\u00fctzen Sie w\u00e4hrend Ihres Aufenthaltes im Hotel unsere Umwelt und achten Sie auf einen rationellen Wasser- und Stromverbrauch.<\/li>\n<li>Die Klimaanlage schaltet sich aus, wenn die Eingangs- oder Balkont\u00fcr Ihres Zimmers ge\u00f6ffnet ist.<\/li>\n<li>Die Stromspannung betr\u00e4gt 220 V.<\/li>\n<li>Besuche oder Gesch\u00e4ftstreffen k\u00f6nnen in den Gemeinschaftsbereichen des Hotels, in der Bar, im Restaurant oder in der Lobby stattfinden, jedoch nicht im Zimmer.<\/li>\n<li>Aus Brandschutzgr\u00fcnden sind Kerzen und brennbare Materialien nicht erlaubt. In geschlossenen R\u00e4umen ist das Rauchen verboten.<\/li>\n<li>Bitte gehen Sie mit der notwendigen Sorgfalt mit den zur Verf\u00fcgung gestellten R\u00e4umlichkeiten, Ger\u00e4ten und Einrichtungen um.<\/li>\n<li>Zeigen Sie bitte St\u00f6rungen oder Reklamationen umgehend der Rezeption an.<\/li>\n<li>Bitte beachten Sie, dass Sie f\u00fcr den durch Ihr Verschulden oder das Verschulden der Person, f\u00fcr die Sie verantwortlich sind, verursachten Schaden verantwortlich und zum Ersatz verpflichtet sind.<\/li>\n<li>Mahlzeiten werden zu folgenden Zeiten serviert:\n<ul>\n<li>Fr\u00fchst\u00fccksbuffet 7:00\u201310:00<\/li>\n<li>Abendessen 19:00\u201321:00<\/li>\n<\/ul>\n<\/li>\n<li>Falls Sie ein Lunchpaket bestellen oder Mahlzeiten \u00e4ndern m\u00f6chten, bitten wir Sie, dies am Vortag bis sp\u00e4testens 21:00 Uhr oder am laufenden Tag bis sp\u00e4testens 08:00 der Rezeption mitzuteilen.<\/li>\n<li>F\u00fcr Ihr Bargeld, Wertpapiere und andere Wertsachen steht Ihnen ein Zimmersafe zur Verf\u00fcgung. Die Gebrauchsanweisung befindet sich auf dem Safe. Das Hotel \u00fcbernimmt keine Haftung bei Diebstahl oder Verlust.<\/li>\n<li>Bitte nehmen Sie R\u00fccksicht auf andere G\u00e4ste, die sich entspannen m\u00f6chten und vermeiden Sie L\u00e4rm im Zimmer und auf den Fluren nach 23:00 Uhr.<\/li>\n<li>Aus Sicherheits- und Hygienegr\u00fcnden ist die Zubereitung von warmen Speisen oder Getr\u00e4nken im Zimmer nicht gestattet.<\/li>\n<li>Bitte lesen Sie die Hinweise zum Verhalten im Brandfall in den Fluren und befolgen Sie diese.<\/li>\n<li>Wir bitten Sie, \u00fcber verlorene oder gefundene Gegenst\u00e4nde die Rezeption zu informieren.<\/li>\n<li>Wir bitten Sie, am Abreisetag das Zimmer bis 11:00 Uhr zu verlassen. Bei einem Aufenthalt im Zimmer nach 12:00 Uhr wird ein zus\u00e4tzlicher Tag in Rechnung gestellt.<\/li>\n<li>Bei vorzeitiger Abreise und versp\u00e4teter Ankunft des Gastes, dem die gebuchte Unterkunft durch die Verkaufs- und Marketingabteilung oder das Hotel Kimen best\u00e4tigt wurde, ist der Gast verpflichtet, eine Entsch\u00e4digung in folgender H\u00f6he zu leisten:\n<ul>\n<li>wird die zuvor best\u00e4tigte Buchung durch die versp\u00e4tete Ankunft oder vorzeitige Abreise des Gastes um einen Tag gek\u00fcrzt, sind der tats\u00e4chliche Aufenthalt sowie ein zus\u00e4tzlicher Tag in Rechnung zu stellen,<\/li>\n<li>wird die zuvor best\u00e4tigte Buchung durch die versp\u00e4tete Ankunft oder vorzeitige Abreise des Gastes um zwei Tage gek\u00fcrzt, sind der tats\u00e4chliche Aufenthalt sowie weitere zwei Tage in Rechnung zu stellen,<\/li>\n<li>wird die zuvor best\u00e4tigte Buchung durch die versp\u00e4tete Ankunft oder vorzeitige Abreise des Gastes um drei oder mehr Tage gek\u00fcrzt, sind der tats\u00e4chliche Aufenthalt sowie weitere drei Tage in Rechnung zu stellen.<\/li>\n<\/ul>\n<\/li>\n<li>Die \u00c4nderung einer bereits best\u00e4tigten Buchung f\u00fcr einen Aufenthalt im Hotel Kimen ist innerhalb von 14 Tagen vor Anreisetag nur schriftlich m\u00f6glich. Nach der schriftlichen Best\u00e4tigung der Umbuchung durch das Hotel oder die Verkaufsabteilung wird eine zus\u00e4tzliche Geb\u00fchr (je nach Anzahl der Tage der Umbuchung) erhoben, um den weiteren reibungslosen Gesch\u00e4ftsbetrieb des Hotels zu gew\u00e4hrleisten.<\/li>\n<li>Das Hotel Kimen beh\u00e4lt sich das Recht vor, 24 Stunden nach dem best\u00e4tigten Ankunftstag das Zimmer, die Suite oder das Apartment anderen Interessenten anzubieten, es sei denn, die \u00c4nderung der vorherigen Buchung wurde ausdr\u00fccklich (in Schriftform) angek\u00fcndigt und best\u00e4tigt.<\/li>\n<li>Ein Gast, der seine Versp\u00e4tung nicht angek\u00fcndigt hat, hat keinen Anspruch auf Entsch\u00e4digung oder die zuvor best\u00e4tigte Unterkunft.<\/li>\n<li>Wir bitten Sie, vorsichtig mit der Schl\u00fcsselkarte umzugehen. Bei Besch\u00e4digung oder Verlust w\u00e4hrend Ihres Aufenthalts berechnen wir Ihnen 20 \u20ac als Entsch\u00e4digung.<\/li>\n<li>Vergessen Sie beim Verlassen des Hotels nicht, den Schl\u00fcssel oder die Schl\u00fcsselkarte (Key-Card) an der Rezeption abzugeben.<\/li>\n<li>Wir behalten uns das Recht vor, den Vertrag aufzul\u00f6sen und G\u00e4sten Dienstleistungen zu verweigern, sofern sie die Hausordnung grob missachten oder durch ihr Verhalten Schaden zuf\u00fcgen oder andere Hotelg\u00e4ste st\u00f6ren.<\/li>\n<\/ol>\n<p><\/p>\n<p>Hinweise zum Einreichen einer G\u00e4ste- bzw. Verbraucherbeschwerde finden Sie an der Rezeption.<\/p>\n<p><\/p>\n<p>Wir w\u00fcnschen Ihnen einen angenehmen Aufenthalt in unserem Hotel.\u2028<\/p>\n<p>[\/et_pb_text][et_pb_text _builder_version=&#8220;4.27.4&#8243; _module_preset=&#8220;default&#8220; custom_margin=&#8220;50px||||false|false&#8220; hover_enabled=&#8220;0&#8243; global_colors_info=&#8220;{}&#8220; sticky_enabled=&#8220;0&#8243;]<\/p>\n<p><mark>Weitere Informationen<\/mark><\/p>\n<p><\/p>\n<p><span class=\"et_pb_font_icon\" style=\"font-family: 'ETmodules'; margin-right: 8px; align: baseline; vertical-align: baseline; position: relative; top: 3px;\">\ue090<\/span>+385 51 571 322<br \/><span class=\"et_pb_font_icon\" style=\"font-family: 'ETmodules'; margin-right: 8px; align: baseline; vertical-align: baseline; position: relative; top: 1px;\">\ue010<\/span>hotelkimen@hotelkimen.com<\/p>\n<p>[\/et_pb_text][\/et_pb_column][et_pb_column type=&#8220;1_3&#8243; _builder_version=&#8220;4.16&#8243; _module_preset=&#8220;default&#8220; global_colors_info=&#8220;{}&#8220;][\/et_pb_column][\/et_pb_row][\/et_pb_section]<\/p>\n","protected":false},"excerpt":{"rendered":"<p>HausordnungLiebe G\u00e4ste,Wir hei\u00dfen Sie herzlich willkommen in unserem Hotel Kimen und m\u00f6chten Ihnen gerne kurz unsere Hausordnung vorstellen. Sch\u00fctzen Sie w\u00e4hrend Ihres Aufenthaltes im Hotel unsere Umwelt und achten Sie auf einen rationellen Wasser- und Stromverbrauch. Die Klimaanlage schaltet sich aus, wenn die Eingangs- oder Balkont\u00fcr Ihres Zimmers ge\u00f6ffnet ist. Die Stromspannung betr\u00e4gt 220 V. [&hellip;]<\/p>\n","protected":false},"author":1,"featured_media":0,"parent":0,"menu_order":0,"comment_status":"closed","ping_status":"closed","template":"","meta":{"_et_pb_use_builder":"on","_et_pb_old_content":"","_et_gb_content_width":"","footnotes":""},"class_list":["post-11258","page","type-page","status-publish","hentry"],"_links":{"self":[{"href":"https:\/\/www.hotel-kimen.com\/de\/wp-json\/wp\/v2\/pages\/11258","targetHints":{"allow":["GET"]}}],"collection":[{"href":"https:\/\/www.hotel-kimen.com\/de\/wp-json\/wp\/v2\/pages"}],"about":[{"href":"https:\/\/www.hotel-kimen.com\/de\/wp-json\/wp\/v2\/types\/page"}],"author":[{"embeddable":true,"href":"https:\/\/www.hotel-kimen.com\/de\/wp-json\/wp\/v2\/users\/1"}],"replies":[{"embeddable":true,"href":"https:\/\/www.hotel-kimen.com\/de\/wp-json\/wp\/v2\/comments?post=11258"}],"version-history":[{"count":0,"href":"https:\/\/www.hotel-kimen.com\/de\/wp-json\/wp\/v2\/pages\/11258\/revisions"}],"wp:attachment":[{"href":"https:\/\/www.hotel-kimen.com\/de\/wp-json\/wp\/v2\/media?parent=11258"}],"curies":[{"name":"wp","href":"https:\/\/api.w.org\/{rel}","templated":true}]}}