{"id":11227,"date":"2021-09-05T11:08:01","date_gmt":"2021-09-05T11:08:01","guid":{"rendered":"http:\/\/www.hotel-kimen.com\/?page_id=11227"},"modified":"2021-10-02T21:54:06","modified_gmt":"2021-10-02T21:54:06","slug":"sicherheitserklaerung","status":"publish","type":"page","link":"https:\/\/www.hotel-kimen.com\/de\/sicherheitserklaerung\/","title":{"rendered":"Sicherheitserkl\u00e4rung"},"content":{"rendered":"<p>[et_pb_section fb_built=&#8220;1&#8243; admin_label=&#8220;Hero image&#8220; _builder_version=&#8220;4.9.4&#8243; _module_preset=&#8220;default&#8220; background_image=&#8220;https:\/\/www.hotel-kimen.com\/wp-content\/uploads\/2021\/05\/Plaza-ispred-hotela-Hotel-Kimen-Cres.jpg&#8220; background_position=&#8220;top_center&#8220; min_height=&#8220;400px&#8220; top_divider_color=&#8220;#e02b20&#8243; bottom_divider_style=&#8220;waves2&#8243; bottom_divider_color=&#8220;#f6f6f3&#8243; collapsed=&#8220;on&#8220;][\/et_pb_section][et_pb_section fb_built=&#8220;1&#8243; admin_label=&#8220;GDPR&#8220; _builder_version=&#8220;4.9.4&#8243; _module_preset=&#8220;default&#8220; background_color=&#8220;rgba(0,0,0,0)&#8220; custom_margin=&#8220;-200px||50px||false|false&#8220; custom_padding=&#8220;0px||0px||false|false&#8220; collapsed=&#8220;off&#8220;][et_pb_row admin_label=&#8220;Naslov &#8220; _builder_version=&#8220;4.9.10&#8243; _module_preset=&#8220;default&#8220; custom_padding=&#8220;0px|50px||50px|false|true&#8220; collapsed=&#8220;off&#8220;][et_pb_column type=&#8220;4_4&#8243; _builder_version=&#8220;4.7.7&#8243; _module_preset=&#8220;default&#8220;][et_pb_text _builder_version=&#8220;4.9.4&#8243; _module_preset=&#8220;default&#8220; text_line_height=&#8220;1.5em&#8220; header_font=&#8220;|300|||||||&#8220; header_text_align=&#8220;left&#8220; header_text_color=&#8220;#f6f6f3&#8243; header_font_size=&#8220;3.5em&#8220; header_6_font=&#8220;|||on|||||&#8220; header_6_line_height=&#8220;2em&#8220; background_layout=&#8220;dark&#8220; custom_margin=&#8220;||||false|false&#8220; locked=&#8220;off&#8220;]<\/p>\n<h1>Sicherheitserkl\u00e4rung<\/h1>\n<p>[\/et_pb_text][\/et_pb_column][\/et_pb_row][et_pb_row column_structure=&#8220;3_4,1_4&#8243; use_custom_gutter=&#8220;on&#8220; admin_label=&#8220;Opis&#8220; _builder_version=&#8220;4.9.10&#8243; _module_preset=&#8220;default&#8220; background_color=&#8220;#f6f6f3&#8243; z_index=&#8220;99&#8243; custom_margin=&#8220;||||false|false&#8220; custom_padding=&#8220;50px|50px|50px|50px|true|true&#8220; hover_enabled=&#8220;0&#8243; box_shadow_style=&#8220;preset1&#8243; box_shadow_vertical=&#8220;-25px&#8220; box_shadow_spread=&#8220;-10px&#8220; locked=&#8220;off&#8220; collapsed=&#8220;off&#8220; sticky_enabled=&#8220;0&#8243;][et_pb_column type=&#8220;3_4&#8243; _builder_version=&#8220;4.9.4&#8243; _module_preset=&#8220;default&#8220;][et_pb_text _builder_version=&#8220;4.9.4&#8243; _module_preset=&#8220;default&#8220; text_letter_spacing=&#8220;0.03em&#8220; text_line_height=&#8220;2em&#8220; header_4_line_height=&#8220;2em&#8220;]<\/p>\n<h4>Sicherheit bei Kreditkartenzahlung<\/h4>\n<p>Die Vertraulichkeit Ihrer Daten wird durch die Verwendung der SSL-Verschl\u00fcsselung gesch\u00fctzt und gew\u00e4hrleistet. Webseiten f\u00fcr Onlinezahlung sind mit dem Secure Socket Layer (SSL) Protokoll mit 128-Bit-Datenverschl\u00fcsselung gesichert. Die SSL-Verschl\u00fcsselung ist ein Prozess der Datenverschl\u00fcsselung, um unbefugten Zugriff w\u00e4hrend der Daten\u00fcbertragung zu verhindern.<\/p>\n<p>Dies erm\u00f6glicht die sichere \u00dcbertragung von Informationen und verhindert den unbefugten Zugriff auf Daten w\u00e4hrend der Kommunikation zwischen dem Computer des Benutzers und dem T-Com-Dienst und umgekehrt.<br \/>\nPayWay-Dienste und Finanzinstitute (Kartenunternehmen) tauschen Daten \u00fcber ein vor unbefugtem Zugriff gesch\u00fctztes virtuelles privates Netzwerk (VPN) aus.<\/p>\n<p>Kreditkartennummern werden nicht gespeichert und sind f\u00fcr Unbefugte nicht zug\u00e4nglich.[\/et_pb_text][et_pb_text _builder_version=&#8220;4.9.4&#8243; _module_preset=&#8220;default&#8220; text_letter_spacing=&#8220;0.03em&#8220; text_line_height=&#8220;2em&#8220; header_4_line_height=&#8220;2em&#8220;]<\/p>\n<h4>Datenschutzerkl\u00e4rung<\/h4>\n<p>Wir verpflichten uns, personenbezogene Daten von Kunden zu sch\u00fctzen, indem wir nur die notwendigen, grundlegenden Informationen \u00fcber Kunden\/Nutzer erheben, die zur Erf\u00fcllung unserer Verpflichtungen erforderlich sind; wir informieren Kunden \u00fcber die Verwendung der erhobenen Daten, geben Kunden regelm\u00e4\u00dfig die Wahl \u00fcber die Verwendung ihrer Daten, einschlie\u00dflich der M\u00f6glichkeit, zu entscheiden, ob ihr Name aus den Listen f\u00fcr Werbekampagnen entfernt wird.<\/p>\n<p>Alle Benutzerdaten werden streng vertraulich aufbewahrt und stehen nur Mitarbeitern zur Verf\u00fcgung, die diese Daten zur Erledigung der Arbeit ben\u00f6tigen.<\/p>\n<p>Alle unsere Mitarbeiter und Gesch\u00e4ftspartner sind f\u00fcr die Einhaltung der Datenschutzgrunds\u00e4tze verantwortlich.[\/et_pb_text][\/et_pb_column][et_pb_column type=&#8220;1_4&#8243; _builder_version=&#8220;4.9.4&#8243; _module_preset=&#8220;default&#8220;][et_pb_text _builder_version=&#8220;4.9.10&#8243; _module_preset=&#8220;default&#8220; header_6_font=&#8220;|||on|||||&#8220; hover_enabled=&#8220;0&#8243; header_6_line_height=&#8220;1.5em&#8220; sticky_enabled=&#8220;0&#8243;]<\/p>\n<h6>SICHERHEIT BEI KARTENZAHLUNG:<\/h6>\n<p>[\/et_pb_text][et_pb_image src=&#8220;https:\/\/www.hotel-kimen.com\/wp-content\/uploads\/2021\/05\/Kartice_sigurnosti_Visa_Hotel_Kimen_Cres.svg&#8220; title_text=&#8220;Kartice_sigurnosti_Visa_Hotel_Kimen_Cres&#8220; _builder_version=&#8220;4.9.10&#8243; _module_preset=&#8220;default&#8220; width=&#8220;142px&#8220; custom_margin=&#8220;|10px|||false|false&#8220; hover_enabled=&#8220;0&#8243; sticky_enabled=&#8220;0&#8243;][\/et_pb_image][et_pb_image src=&#8220;https:\/\/www.hotel-kimen.com\/wp-content\/uploads\/2021\/05\/mastercard_kreditna_kartica_Hotel_Kimen_Cres.svg&#8220; title_text=&#8220;mastercard_kreditna_kartica_Hotel_Kimen_Cres&#8220; _builder_version=&#8220;4.9.10&#8243; _module_preset=&#8220;default&#8220; width=&#8220;142px&#8220; custom_margin=&#8220;|10px|||false|false&#8220; hover_enabled=&#8220;0&#8243; sticky_enabled=&#8220;0&#8243;][\/et_pb_image][et_pb_image src=&#8220;https:\/\/www.hotel-kimen.com\/wp-content\/uploads\/2021\/05\/american_express_kreditna_kartica_Hotel_Kimen_Cres.svg&#8220; title_text=&#8220;american_express_kreditna_kartica_Hotel_Kimen_Cres&#8220; _builder_version=&#8220;4.9.10&#8243; _module_preset=&#8220;default&#8220; width=&#8220;142px&#8220; hover_enabled=&#8220;0&#8243; sticky_enabled=&#8220;0&#8243;][\/et_pb_image][et_pb_image src=&#8220;https:\/\/www.hotel-kimen.com\/wp-content\/uploads\/2021\/10\/kartice-sigurnosti-hotel-kimen-cres.png&#8220; _builder_version=&#8220;4.9.10&#8243; _module_preset=&#8220;default&#8220; alt=&#8220;Kreditkarten Sicherheit &#8211; Hotel Kimen, Cres&#8220; title_text=&#8220;Kreditkarten Sicherheit &#8211; Hotel Kimen, Cres&#8220; hover_enabled=&#8220;0&#8243; sticky_enabled=&#8220;0&#8243;][\/et_pb_image][\/et_pb_column][\/et_pb_row][\/et_pb_section]<\/p>\n","protected":false},"excerpt":{"rendered":"<p>Sicherheitserkl\u00e4rungSicherheit bei Kreditkartenzahlung Die Vertraulichkeit Ihrer Daten wird durch die Verwendung der SSL-Verschl\u00fcsselung gesch\u00fctzt und gew\u00e4hrleistet. Webseiten f\u00fcr Onlinezahlung sind mit dem Secure Socket Layer (SSL) Protokoll mit 128-Bit-Datenverschl\u00fcsselung gesichert. Die SSL-Verschl\u00fcsselung ist ein Prozess der Datenverschl\u00fcsselung, um unbefugten Zugriff w\u00e4hrend der Daten\u00fcbertragung zu verhindern. Dies erm\u00f6glicht die sichere \u00dcbertragung von Informationen und verhindert den [&hellip;]<\/p>\n","protected":false},"author":1,"featured_media":0,"parent":0,"menu_order":0,"comment_status":"closed","ping_status":"closed","template":"","meta":{"_et_pb_use_builder":"on","_et_pb_old_content":"","_et_gb_content_width":"","footnotes":""},"class_list":["post-11227","page","type-page","status-publish","hentry"],"_links":{"self":[{"href":"https:\/\/www.hotel-kimen.com\/de\/wp-json\/wp\/v2\/pages\/11227","targetHints":{"allow":["GET"]}}],"collection":[{"href":"https:\/\/www.hotel-kimen.com\/de\/wp-json\/wp\/v2\/pages"}],"about":[{"href":"https:\/\/www.hotel-kimen.com\/de\/wp-json\/wp\/v2\/types\/page"}],"author":[{"embeddable":true,"href":"https:\/\/www.hotel-kimen.com\/de\/wp-json\/wp\/v2\/users\/1"}],"replies":[{"embeddable":true,"href":"https:\/\/www.hotel-kimen.com\/de\/wp-json\/wp\/v2\/comments?post=11227"}],"version-history":[{"count":0,"href":"https:\/\/www.hotel-kimen.com\/de\/wp-json\/wp\/v2\/pages\/11227\/revisions"}],"wp:attachment":[{"href":"https:\/\/www.hotel-kimen.com\/de\/wp-json\/wp\/v2\/media?parent=11227"}],"curies":[{"name":"wp","href":"https:\/\/api.w.org\/{rel}","templated":true}]}}